{"id":685,"date":"2025-06-03T07:51:49","date_gmt":"2025-06-03T05:51:49","guid":{"rendered":"https:\/\/kmco-hardelot.fr\/fitness\/?page_id=685"},"modified":"2026-05-01T11:33:59","modified_gmt":"2026-05-01T09:33:59","slug":"les-stages","status":"publish","type":"page","link":"https:\/\/kmco-hardelot.fr\/fitness\/les-stages\/","title":{"rendered":"Les stages"},"content":{"rendered":"<style>.kb-row-layout-wrap.wp-block-kadence-rowlayout.kb-row-layout-id685_e93e2e-01{margin-top:0px;margin-bottom:var(--global-kb-spacing-xs, 1rem);}.kb-row-layout-id685_e93e2e-01 > .kt-row-column-wrap{align-content:start;}:where(.kb-row-layout-id685_e93e2e-01 > .kt-row-column-wrap) > .wp-block-kadence-column{justify-content:start;}.kb-row-layout-id685_e93e2e-01 > .kt-row-column-wrap{column-gap:var(--global-kb-gap-md, 2rem);row-gap:var(--global-kb-gap-md, 2rem);max-width:var( --global-content-width, 1290px );padding-left:var(--global-content-edge-padding);padding-right:var(--global-content-edge-padding);padding-top:0px;padding-bottom:0px;grid-template-columns:minmax(0, 1fr);}.kb-row-layout-id685_e93e2e-01 > .kt-row-layout-overlay{opacity:0.30;}@media all and (max-width: 1024px){.kb-row-layout-id685_e93e2e-01 > .kt-row-column-wrap{grid-template-columns:minmax(0, 1fr);}}@media all and (max-width: 767px){.kb-row-layout-id685_e93e2e-01 > .kt-row-column-wrap{grid-template-columns:minmax(0, 1fr);}}<\/style><div class=\"kb-row-layout-wrap kb-row-layout-id685_e93e2e-01 alignnone has-theme-palette2-background-color kt-row-has-bg wp-block-kadence-rowlayout\"><div class=\"kt-row-column-wrap kt-has-1-columns kt-row-layout-equal kt-tab-layout-inherit kt-mobile-layout-row kt-row-valign-top kb-theme-content-width\">\n<style>.kadence-column685_ccf274-c8 > .kt-inside-inner-col,.kadence-column685_ccf274-c8 > .kt-inside-inner-col:before{border-top-left-radius:0px;border-top-right-radius:0px;border-bottom-right-radius:0px;border-bottom-left-radius:0px;}.kadence-column685_ccf274-c8 > .kt-inside-inner-col{column-gap:var(--global-kb-gap-sm, 1rem);}.kadence-column685_ccf274-c8 > .kt-inside-inner-col{flex-direction:column;}.kadence-column685_ccf274-c8 > .kt-inside-inner-col > .aligncenter{width:100%;}.kadence-column685_ccf274-c8 > .kt-inside-inner-col:before{opacity:0.3;}.kadence-column685_ccf274-c8{position:relative;}@media all and (max-width: 1024px){.kadence-column685_ccf274-c8 > .kt-inside-inner-col{flex-direction:column;justify-content:center;}}@media all and (max-width: 767px){.kadence-column685_ccf274-c8 > .kt-inside-inner-col{flex-direction:column;justify-content:center;}}<\/style>\n<div class=\"wp-block-kadence-column kadence-column685_ccf274-c8\"><div class=\"kt-inside-inner-col\">\n<p class=\"has-text-align-center has-theme-palette-9-color has-text-color has-link-color has-medium-font-size wp-elements-d52263f933ca9c911985ae1b8fc5499d\" style=\"font-style:normal;font-weight:500;letter-spacing:2px\">Les stages<\/p>\n<\/div><\/div>\n\n<\/div><\/div>\n\n<style>.kb-row-layout-id685_77edd2-8d > .kt-row-column-wrap{align-content:start;}:where(.kb-row-layout-id685_77edd2-8d > .kt-row-column-wrap) > .wp-block-kadence-column{justify-content:start;}.kb-row-layout-id685_77edd2-8d > .kt-row-column-wrap{column-gap:var(--global-kb-gap-md, 2rem);row-gap:var(--global-kb-gap-md, 2rem);max-width:var( --global-content-width, 1290px );padding-left:var(--global-content-edge-padding);padding-right:var(--global-content-edge-padding);padding-top:var(--global-kb-spacing-sm, 1.5rem);padding-bottom:var(--global-kb-spacing-sm, 1.5rem);grid-template-columns:minmax(0, 1fr);}.kb-row-layout-id685_77edd2-8d > .kt-row-layout-overlay{opacity:0.30;}@media all and (max-width: 1024px){.kb-row-layout-id685_77edd2-8d > .kt-row-column-wrap{grid-template-columns:minmax(0, 1fr);}}@media all and (max-width: 767px){.kb-row-layout-id685_77edd2-8d > .kt-row-column-wrap{grid-template-columns:minmax(0, 1fr);}}<\/style><div class=\"kb-row-layout-wrap kb-row-layout-id685_77edd2-8d alignnone wp-block-kadence-rowlayout\"><div class=\"kt-row-column-wrap kt-has-1-columns kt-row-layout-equal kt-tab-layout-inherit kt-mobile-layout-row kt-row-valign-top kb-theme-content-width\">\n<style>.kadence-column685_d679a2-64 > .kt-inside-inner-col,.kadence-column685_d679a2-64 > .kt-inside-inner-col:before{border-top-left-radius:0px;border-top-right-radius:0px;border-bottom-right-radius:0px;border-bottom-left-radius:0px;}.kadence-column685_d679a2-64 > .kt-inside-inner-col{column-gap:var(--global-kb-gap-sm, 1rem);}.kadence-column685_d679a2-64 > .kt-inside-inner-col{flex-direction:column;}.kadence-column685_d679a2-64 > .kt-inside-inner-col > .aligncenter{width:100%;}.kadence-column685_d679a2-64 > .kt-inside-inner-col:before{opacity:0.3;}.kadence-column685_d679a2-64{position:relative;}@media all and (max-width: 1024px){.kadence-column685_d679a2-64 > .kt-inside-inner-col{flex-direction:column;justify-content:center;}}@media all and (max-width: 767px){.kadence-column685_d679a2-64 > .kt-inside-inner-col{flex-direction:column;justify-content:center;}}<\/style>\n<div class=\"wp-block-kadence-column kadence-column685_d679a2-64\"><div class=\"kt-inside-inner-col\">\n<p class=\"has-text-align-center has-medium-font-size\"><mark style=\"background-color:rgba(0, 0, 0, 0)\" class=\"has-inline-color has-theme-palette-1-color\"><strong>Les stages permettent une progression au fil des jours de la semaine&nbsp;!<\/strong><\/mark><\/p>\n<\/div><\/div>\n\n<\/div><\/div>\n\n<style>.kb-row-layout-id685_ca0ce7-b8 > .kt-row-column-wrap{align-content:start;}:where(.kb-row-layout-id685_ca0ce7-b8 > .kt-row-column-wrap) > .wp-block-kadence-column{justify-content:start;}.kb-row-layout-id685_ca0ce7-b8 > .kt-row-column-wrap{column-gap:var(--global-kb-gap-md, 2rem);row-gap:var(--global-kb-gap-sm, 1rem);padding-top:0px;padding-bottom:0px;grid-template-columns:repeat(2, minmax(0, 1fr));}.kb-row-layout-id685_ca0ce7-b8 > .kt-row-layout-overlay{opacity:0.30;}@media all and (max-width: 1024px){.kb-row-layout-id685_ca0ce7-b8 > .kt-row-column-wrap{grid-template-columns:repeat(2, minmax(0, 1fr));}}@media all and (max-width: 767px){.kb-row-layout-id685_ca0ce7-b8 > .kt-row-column-wrap{grid-template-columns:minmax(0, 1fr);}}<\/style><div class=\"kb-row-layout-wrap kb-row-layout-id685_ca0ce7-b8 alignnone wp-block-kadence-rowlayout\"><div class=\"kt-row-column-wrap kt-has-2-columns kt-row-layout-equal kt-tab-layout-inherit kt-mobile-layout-row kt-row-valign-top\">\n<style>.kadence-column685_bae3de-e0 > .kt-inside-inner-col{display:flex;}.kadence-column685_bae3de-e0 > .kt-inside-inner-col,.kadence-column685_bae3de-e0 > .kt-inside-inner-col:before{border-top-left-radius:0px;border-top-right-radius:0px;border-bottom-right-radius:0px;border-bottom-left-radius:0px;}.kadence-column685_bae3de-e0 > .kt-inside-inner-col{column-gap:var(--global-kb-gap-sm, 1rem);}.kadence-column685_bae3de-e0 > .kt-inside-inner-col{flex-direction:column;justify-content:flex-start;}.kadence-column685_bae3de-e0 > .kt-inside-inner-col > .aligncenter{width:100%;}.kt-row-column-wrap > .kadence-column685_bae3de-e0{align-self:flex-start;}.kt-inner-column-height-full:not(.kt-has-1-columns) > .wp-block-kadence-column.kadence-column685_bae3de-e0{align-self:auto;}.kt-inner-column-height-full:not(.kt-has-1-columns) > .wp-block-kadence-column.kadence-column685_bae3de-e0 > .kt-inside-inner-col{flex-direction:column;justify-content:flex-start;}.kadence-column685_bae3de-e0 > .kt-inside-inner-col:before{opacity:0.3;}.kadence-column685_bae3de-e0{position:relative;}@media all and (max-width: 1024px){.kt-row-column-wrap > .kadence-column685_bae3de-e0{align-self:flex-start;}}@media all and (max-width: 1024px){.kt-inner-column-height-full:not(.kt-has-1-columns) > .wp-block-kadence-column.kadence-column685_bae3de-e0{align-self:auto;}}@media all and (max-width: 1024px){.kt-inner-column-height-full:not(.kt-has-1-columns) > .wp-block-kadence-column.kadence-column685_bae3de-e0 > .kt-inside-inner-col{flex-direction:column;justify-content:flex-start;}}@media all and (max-width: 1024px){.kadence-column685_bae3de-e0 > .kt-inside-inner-col{flex-direction:column;justify-content:flex-start;}}@media all and (max-width: 767px){.kt-row-column-wrap > .kadence-column685_bae3de-e0{align-self:flex-start;}.kt-inner-column-height-full:not(.kt-has-1-columns) > .wp-block-kadence-column.kadence-column685_bae3de-e0{align-self:auto;}.kt-inner-column-height-full:not(.kt-has-1-columns) > .wp-block-kadence-column.kadence-column685_bae3de-e0 > .kt-inside-inner-col{flex-direction:column;justify-content:flex-start;}.kadence-column685_bae3de-e0 > .kt-inside-inner-col{flex-direction:column;justify-content:flex-start;}}<\/style>\n<div class=\"wp-block-kadence-column kadence-column685_bae3de-e0\"><div class=\"kt-inside-inner-col\"><style>.kb-row-layout-id685_139c29-65 > .kt-row-column-wrap{align-content:start;}:where(.kb-row-layout-id685_139c29-65 > .kt-row-column-wrap) > .wp-block-kadence-column{justify-content:start;}.kb-row-layout-id685_139c29-65 > .kt-row-column-wrap{column-gap:var(--global-kb-gap-md, 2rem);row-gap:var(--global-kb-gap-sm, 1rem);padding-top:0px;padding-bottom:0px;grid-template-columns:minmax(0, 1fr);}.kb-row-layout-id685_139c29-65 > .kt-row-layout-overlay{opacity:0.30;}@media all and (max-width: 1024px){.kb-row-layout-id685_139c29-65 > .kt-row-column-wrap{grid-template-columns:minmax(0, 1fr);}}@media all and (max-width: 767px){.kb-row-layout-id685_139c29-65 > .kt-row-column-wrap{grid-template-columns:minmax(0, 1fr);}}<\/style><div class=\"kb-row-layout-wrap kb-row-layout-id685_139c29-65 alignnone wp-block-kadence-rowlayout\"><div class=\"kt-row-column-wrap kt-has-2-columns kt-row-layout-row kt-tab-layout-inherit kt-mobile-layout-row kt-row-valign-top\">\n<style>.kadence-column685_e8288c-f4 > .kt-inside-inner-col,.kadence-column685_e8288c-f4 > .kt-inside-inner-col:before{border-top-left-radius:0px;border-top-right-radius:0px;border-bottom-right-radius:0px;border-bottom-left-radius:0px;}.kadence-column685_e8288c-f4 > .kt-inside-inner-col{column-gap:var(--global-kb-gap-sm, 1rem);}.kadence-column685_e8288c-f4 > .kt-inside-inner-col{flex-direction:column;}.kadence-column685_e8288c-f4 > .kt-inside-inner-col > .aligncenter{width:100%;}.kadence-column685_e8288c-f4 > .kt-inside-inner-col:before{opacity:0.3;}.kadence-column685_e8288c-f4{position:relative;}@media all and (max-width: 1024px){.kadence-column685_e8288c-f4 > .kt-inside-inner-col{flex-direction:column;justify-content:center;}}@media all and (max-width: 767px){.kadence-column685_e8288c-f4 > .kt-inside-inner-col{flex-direction:column;justify-content:center;}}<\/style>\n<div class=\"wp-block-kadence-column kadence-column685_e8288c-f4\"><div class=\"kt-inside-inner-col\">\n<p>Pour participer \u00e0 un stage, vous devez imp\u00e9rativement&nbsp;:<\/p>\n<\/div><\/div>\n\n\n<style>.kadence-column685_1bade2-b8 > .kt-inside-inner-col,.kadence-column685_1bade2-b8 > .kt-inside-inner-col:before{border-top-left-radius:0px;border-top-right-radius:0px;border-bottom-right-radius:0px;border-bottom-left-radius:0px;}.kadence-column685_1bade2-b8 > .kt-inside-inner-col{column-gap:var(--global-kb-gap-sm, 1rem);}.kadence-column685_1bade2-b8 > .kt-inside-inner-col{flex-direction:column;}.kadence-column685_1bade2-b8 > .kt-inside-inner-col > .aligncenter{width:100%;}.kadence-column685_1bade2-b8 > .kt-inside-inner-col:before{opacity:0.3;}.kadence-column685_1bade2-b8{position:relative;}@media all and (max-width: 1024px){.kadence-column685_1bade2-b8 > .kt-inside-inner-col{flex-direction:column;justify-content:center;}}@media all and (max-width: 767px){.kadence-column685_1bade2-b8 > .kt-inside-inner-col{flex-direction:column;justify-content:center;}}<\/style>\n<div class=\"wp-block-kadence-column kadence-column685_1bade2-b8\"><div class=\"kt-inside-inner-col\">\n<ul class=\"wp-block-list\">\n<li>r\u00e9server le stage sur <a href=\"https:\/\/kmco-hardelot.fr\/fitness\/le-planning\/\" data-type=\"page\" data-id=\"154\">le planning<\/a> en ligne&nbsp;;<\/li>\n\n\n\n<li>payer le stage <strong><mark style=\"background-color:rgba(0, 0, 0, 0)\" class=\"has-inline-color has-theme-palette-2-color\">pour valider la r\u00e9servation<\/mark><\/strong>&nbsp;:\n<ul class=\"wp-block-list\">\n<li>\u00e0 l&rsquo;accueil de la base de glisse<\/li>\n\n\n\n<li>ou en ligne (lien sur la fiche descriptive de l&rsquo;activit\u00e9)<\/li>\n<\/ul>\n<\/li>\n<\/ul>\n<\/div><\/div>\n\n<\/div><\/div><\/div><\/div>\n\n\n<style>.kadence-column685_db7e11-89 > .kt-inside-inner-col{display:flex;}.kadence-column685_db7e11-89 > .kt-inside-inner-col,.kadence-column685_db7e11-89 > .kt-inside-inner-col:before{border-top-left-radius:0px;border-top-right-radius:0px;border-bottom-right-radius:0px;border-bottom-left-radius:0px;}.kadence-column685_db7e11-89 > .kt-inside-inner-col{column-gap:var(--global-kb-gap-sm, 1rem);}.kadence-column685_db7e11-89 > .kt-inside-inner-col{flex-direction:column;justify-content:center;}.kadence-column685_db7e11-89 > .kt-inside-inner-col > .aligncenter{width:100%;}.kt-row-column-wrap > .kadence-column685_db7e11-89{align-self:center;}.kt-inner-column-height-full:not(.kt-has-1-columns) > .wp-block-kadence-column.kadence-column685_db7e11-89{align-self:auto;}.kt-inner-column-height-full:not(.kt-has-1-columns) > .wp-block-kadence-column.kadence-column685_db7e11-89 > .kt-inside-inner-col{flex-direction:column;justify-content:center;}.kadence-column685_db7e11-89 > .kt-inside-inner-col:before{opacity:0.3;}.kadence-column685_db7e11-89{position:relative;}@media all and (max-width: 1024px){.kt-row-column-wrap > .kadence-column685_db7e11-89{align-self:center;}}@media all and (max-width: 1024px){.kt-inner-column-height-full:not(.kt-has-1-columns) > .wp-block-kadence-column.kadence-column685_db7e11-89{align-self:auto;}}@media all and (max-width: 1024px){.kt-inner-column-height-full:not(.kt-has-1-columns) > .wp-block-kadence-column.kadence-column685_db7e11-89 > .kt-inside-inner-col{flex-direction:column;justify-content:center;}}@media all and (max-width: 1024px){.kadence-column685_db7e11-89 > .kt-inside-inner-col{flex-direction:column;justify-content:center;}}@media all and (max-width: 767px){.kt-row-column-wrap > .kadence-column685_db7e11-89{align-self:center;}.kt-inner-column-height-full:not(.kt-has-1-columns) > .wp-block-kadence-column.kadence-column685_db7e11-89{align-self:auto;}.kt-inner-column-height-full:not(.kt-has-1-columns) > .wp-block-kadence-column.kadence-column685_db7e11-89 > .kt-inside-inner-col{flex-direction:column;justify-content:center;}.kadence-column685_db7e11-89 > .kt-inside-inner-col{flex-direction:column;justify-content:center;}}<\/style>\n<div class=\"wp-block-kadence-column kadence-column685_db7e11-89\"><div class=\"kt-inside-inner-col\"><style>.kb-row-layout-id685_45bcd6-b9 > .kt-row-column-wrap{align-content:start;}:where(.kb-row-layout-id685_45bcd6-b9 > .kt-row-column-wrap) > .wp-block-kadence-column{justify-content:start;}.kb-row-layout-id685_45bcd6-b9 > .kt-row-column-wrap{column-gap:var(--global-kb-gap-md, 2rem);row-gap:var(--global-kb-gap-sm, 1rem);padding-top:0px;padding-bottom:0px;}.kb-row-layout-id685_45bcd6-b9 > .kt-row-column-wrap > div:not(.added-for-specificity){grid-column:initial;}.kb-row-layout-id685_45bcd6-b9 > .kt-row-column-wrap{grid-template-columns:minmax(0, 1fr);}.kb-row-layout-id685_45bcd6-b9 > .kt-row-layout-overlay{opacity:0.30;}@media all and (max-width: 1024px){.kb-row-layout-id685_45bcd6-b9 > .kt-row-column-wrap > div:not(.added-for-specificity){grid-column:initial;}}@media all and (max-width: 1024px){.kb-row-layout-id685_45bcd6-b9 > .kt-row-column-wrap{grid-template-columns:minmax(0, 1fr);}}@media all and (max-width: 767px){.kb-row-layout-id685_45bcd6-b9 > .kt-row-column-wrap > div:not(.added-for-specificity){grid-column:initial;}.kb-row-layout-id685_45bcd6-b9 > .kt-row-column-wrap{grid-template-columns:minmax(0, 1fr);}}<\/style><div class=\"kb-row-layout-wrap kb-row-layout-id685_45bcd6-b9 alignnone wp-block-kadence-rowlayout\"><div class=\"kt-row-column-wrap kt-has-3-columns kt-row-layout-row kt-tab-layout-inherit kt-mobile-layout-row kt-row-valign-top\">\n<style>.kadence-column685_92db93-81 > .kt-inside-inner-col,.kadence-column685_92db93-81 > .kt-inside-inner-col:before{border-top-left-radius:0px;border-top-right-radius:0px;border-bottom-right-radius:0px;border-bottom-left-radius:0px;}.kadence-column685_92db93-81 > .kt-inside-inner-col{column-gap:var(--global-kb-gap-sm, 1rem);}.kadence-column685_92db93-81 > .kt-inside-inner-col{flex-direction:column;}.kadence-column685_92db93-81 > .kt-inside-inner-col > .aligncenter{width:100%;}.kadence-column685_92db93-81 > .kt-inside-inner-col:before{opacity:0.3;}.kadence-column685_92db93-81{position:relative;}@media all and (max-width: 1024px){.kadence-column685_92db93-81 > .kt-inside-inner-col{flex-direction:column;justify-content:center;}}@media all and (max-width: 767px){.kadence-column685_92db93-81 > .kt-inside-inner-col{flex-direction:column;justify-content:center;}}<\/style>\n<div class=\"wp-block-kadence-column kadence-column685_92db93-81\"><div class=\"kt-inside-inner-col\">\n<p>Les stages propos\u00e9s se d\u00e9roulent de 17h \u00e0 18h&nbsp;:<\/p>\n<\/div><\/div>\n\n\n<style>.kadence-column685_a2b8b9-b8 > .kt-inside-inner-col,.kadence-column685_a2b8b9-b8 > .kt-inside-inner-col:before{border-top-left-radius:0px;border-top-right-radius:0px;border-bottom-right-radius:0px;border-bottom-left-radius:0px;}.kadence-column685_a2b8b9-b8 > .kt-inside-inner-col{column-gap:var(--global-kb-gap-sm, 1rem);}.kadence-column685_a2b8b9-b8 > .kt-inside-inner-col{flex-direction:column;}.kadence-column685_a2b8b9-b8 > .kt-inside-inner-col > .aligncenter{width:100%;}.kadence-column685_a2b8b9-b8 > .kt-inside-inner-col:before{opacity:0.3;}.kadence-column685_a2b8b9-b8{position:relative;}@media all and (max-width: 1024px){.kadence-column685_a2b8b9-b8 > .kt-inside-inner-col{flex-direction:column;justify-content:center;}}@media all and (max-width: 767px){.kadence-column685_a2b8b9-b8 > .kt-inside-inner-col{flex-direction:column;justify-content:center;}}<\/style>\n<div class=\"wp-block-kadence-column kadence-column685_a2b8b9-b8\"><div class=\"kt-inside-inner-col\">\n<p><a href=\"https:\/\/kmco-hardelot.fr\/fitness\/qi-gong-avec-xiang\/\" data-type=\"post\" data-id=\"64\">Stage Qi Gong avec Xiang<\/a> (4 s\u00e9ances&nbsp;: 36&nbsp;\u20ac)<\/p>\n<\/div><\/div>\n\n\n<style>.kadence-column685_8e55ce-7d > .kt-inside-inner-col,.kadence-column685_8e55ce-7d > .kt-inside-inner-col:before{border-top-left-radius:0px;border-top-right-radius:0px;border-bottom-right-radius:0px;border-bottom-left-radius:0px;}.kadence-column685_8e55ce-7d > .kt-inside-inner-col{column-gap:var(--global-kb-gap-sm, 1rem);}.kadence-column685_8e55ce-7d > .kt-inside-inner-col{flex-direction:column;}.kadence-column685_8e55ce-7d > .kt-inside-inner-col > .aligncenter{width:100%;}.kadence-column685_8e55ce-7d > .kt-inside-inner-col:before{opacity:0.3;}.kadence-column685_8e55ce-7d{position:relative;}@media all and (max-width: 1024px){.kadence-column685_8e55ce-7d > .kt-inside-inner-col{flex-direction:column;justify-content:center;}}@media all and (max-width: 767px){.kadence-column685_8e55ce-7d > .kt-inside-inner-col{flex-direction:column;justify-content:center;}}<\/style>\n<div class=\"wp-block-kadence-column kadence-column685_8e55ce-7d\"><div class=\"kt-inside-inner-col\">\n<ul class=\"wp-block-list\">\n<li>du <strong>25 au 29 mai 2026<\/strong> (5 s\u00e9ances\u00a0: 45\u00a0\u20ac)<\/li>\n\n\n\n<li>du <strong>27 juillet au 02 ao\u00fbt 2026<\/strong><\/li>\n\n\n\n<li>du <strong>17 au 20 ao\u00fbt 2026<\/strong><\/li>\n\n\n\n<li>du <strong>19 au 22 octobre 2026<\/strong><\/li>\n\n\n\n<li>du <strong>8 au 11 f\u00e9vrier 2027<\/strong><\/li>\n\n\n\n<li>du <strong>5 au 8 avril 2027<\/strong><\/li>\n\n\n\n<li>du <strong>24 au 28 mai 2027<\/strong> (5 s\u00e9ances&nbsp;: 45&nbsp;\u20ac)<\/li>\n<\/ul>\n<\/div><\/div>\n\n<\/div><\/div><\/div><\/div>\n\n<\/div><\/div>\n\n\n<p><\/p>\n","protected":false},"excerpt":{"rendered":"<p>Les stages Les stages permettent une progression au fil des jours de la semaine&nbsp;! Pour participer \u00e0 un stage, vous devez imp\u00e9rativement&nbsp;: Les stages propos\u00e9s se d\u00e9roulent de 17h \u00e0 18h&nbsp;: Stage Qi Gong avec Xiang (4 s\u00e9ances&nbsp;: 36&nbsp;\u20ac)<\/p>\n","protected":false},"author":1,"featured_media":0,"parent":0,"menu_order":0,"comment_status":"closed","ping_status":"closed","template":"","meta":{"_kad_post_transparent":"","_kad_post_title":"","_kad_post_layout":"","_kad_post_sidebar_id":"","_kad_post_content_style":"","_kad_post_vertical_padding":"","_kad_post_feature":"","_kad_post_feature_position":"","_kad_post_header":false,"_kad_post_footer":false,"_kad_post_classname":"","footnotes":""},"class_list":["post-685","page","type-page","status-publish","hentry"],"_links":{"self":[{"href":"https:\/\/kmco-hardelot.fr\/fitness\/wp-json\/wp\/v2\/pages\/685","targetHints":{"allow":["GET"]}}],"collection":[{"href":"https:\/\/kmco-hardelot.fr\/fitness\/wp-json\/wp\/v2\/pages"}],"about":[{"href":"https:\/\/kmco-hardelot.fr\/fitness\/wp-json\/wp\/v2\/types\/page"}],"author":[{"embeddable":true,"href":"https:\/\/kmco-hardelot.fr\/fitness\/wp-json\/wp\/v2\/users\/1"}],"replies":[{"embeddable":true,"href":"https:\/\/kmco-hardelot.fr\/fitness\/wp-json\/wp\/v2\/comments?post=685"}],"version-history":[{"count":23,"href":"https:\/\/kmco-hardelot.fr\/fitness\/wp-json\/wp\/v2\/pages\/685\/revisions"}],"predecessor-version":[{"id":931,"href":"https:\/\/kmco-hardelot.fr\/fitness\/wp-json\/wp\/v2\/pages\/685\/revisions\/931"}],"wp:attachment":[{"href":"https:\/\/kmco-hardelot.fr\/fitness\/wp-json\/wp\/v2\/media?parent=685"}],"curies":[{"name":"wp","href":"https:\/\/api.w.org\/{rel}","templated":true}]}}